{"id":333,"date":"2025-11-18T10:32:22","date_gmt":"2025-11-18T10:32:22","guid":{"rendered":"http:\/\/brave-yellow-anaconda.94-237-116-63.cpanel.site\/?page_id=333"},"modified":"2026-02-05T16:02:00","modified_gmt":"2026-02-05T14:02:00","slug":"yhteystiedot","status":"publish","type":"page","link":"https:\/\/brave-yellow-anaconda.94-237-116-63.cpanel.site\/?page_id=333","title":{"rendered":"Yhteystiedot"},"content":{"rendered":"\t\t<div data-elementor-type=\"wp-post\" data-elementor-id=\"333\" class=\"elementor elementor-333\" data-elementor-post-type=\"page\">\n\t\t\t\t<div class=\"elementor-element elementor-element-1542ebfc e-flex e-con-boxed e-con e-parent\" data-id=\"1542ebfc\" data-element_type=\"container\" data-e-type=\"container\" data-settings=\"{&quot;background_background&quot;:&quot;classic&quot;,&quot;shape_divider_bottom&quot;:&quot;tilt&quot;,&quot;background_motion_fx_motion_fx_scrolling&quot;:&quot;yes&quot;,&quot;background_motion_fx_scale_effect&quot;:&quot;yes&quot;,&quot;background_motion_fx_scale_direction&quot;:&quot;in-out&quot;,&quot;background_motion_fx_scale_speed&quot;:{&quot;unit&quot;:&quot;px&quot;,&quot;size&quot;:&quot;2.5&quot;,&quot;sizes&quot;:[]},&quot;background_motion_fx_scale_range&quot;:{&quot;unit&quot;:&quot;%&quot;,&quot;size&quot;:&quot;&quot;,&quot;sizes&quot;:{&quot;start&quot;:&quot;0&quot;,&quot;end&quot;:&quot;80&quot;}},&quot;background_motion_fx_devices&quot;:[&quot;desktop&quot;,&quot;tablet&quot;,&quot;mobile&quot;]}\">\n\t\t\t\t\t<div class=\"e-con-inner\">\n\t\t\t\t<div class=\"elementor-shape elementor-shape-bottom\" aria-hidden=\"true\" data-negative=\"false\">\n\t\t\t<svg xmlns=\"http:\/\/www.w3.org\/2000\/svg\" viewBox=\"0 0 1000 100\" preserveAspectRatio=\"none\">\n\t<path class=\"elementor-shape-fill\" d=\"M0,6V0h1000v100L0,6z\"\/>\n<\/svg>\t\t<\/div>\n\t\t\t\t<div class=\"elementor-element elementor-element-23627e4d elementor-widget elementor-widget-heading\" data-id=\"23627e4d\" data-element_type=\"widget\" data-e-type=\"widget\" data-widget_type=\"heading.default\">\n\t\t\t\t\t<h1 class=\"elementor-heading-title elementor-size-default\">OTA YHTEYTT\u00c4<\/h1>\t\t\t\t<\/div>\n\t\t\t\t\t<\/div>\n\t\t\t\t<\/div>\n\t\t<div class=\"elementor-element elementor-element-5497fb96 e-flex e-con-boxed e-con e-parent\" data-id=\"5497fb96\" data-element_type=\"container\" data-e-type=\"container\" data-settings=\"{&quot;background_background&quot;:&quot;classic&quot;}\">\n\t\t\t\t\t<div class=\"e-con-inner\">\n\t\t<div class=\"elementor-element elementor-element-5e9dd774 e-con-full e-flex e-con e-child\" data-id=\"5e9dd774\" data-element_type=\"container\" data-e-type=\"container\">\n\t\t\t\t<div class=\"elementor-element elementor-element-4e63a93f elementor-widget elementor-widget-heading\" data-id=\"4e63a93f\" data-element_type=\"widget\" data-e-type=\"widget\" data-settings=\"{&quot;motion_fx_motion_fx_scrolling&quot;:&quot;yes&quot;,&quot;motion_fx_devices&quot;:[&quot;desktop&quot;,&quot;tablet&quot;,&quot;mobile&quot;]}\" data-widget_type=\"heading.default\">\n\t\t\t\t\t<h2 class=\"elementor-heading-title elementor-size-default\">J\u00e4\u00e4vuorot - mainospaikat - tapahtumat<\/h2>\t\t\t\t<\/div>\n\t\t\t\t<div class=\"elementor-element elementor-element-6602496d elementor-widget elementor-widget-text-editor\" data-id=\"6602496d\" data-element_type=\"widget\" data-e-type=\"widget\" data-widget_type=\"text-editor.default\">\n\t\t\t\t\t\t\t\t\t<p><b>Markku Lev\u00e4inen<br \/><\/b>SuurSavohalli Oy:n toimitusjohtaja<\/p><p>markku.levainen@rantasalmi.fi<br \/>puh. 0400 161 257<\/p><p>\u00a0<\/p>\t\t\t\t\t\t\t\t<\/div>\n\t\t\t\t<\/div>\n\t\t\t\t\t<\/div>\n\t\t\t\t<\/div>\n\t\t<div class=\"elementor-element elementor-element-1369db8 e-flex e-con-boxed e-con e-parent\" data-id=\"1369db8\" data-element_type=\"container\" data-e-type=\"container\">\n\t\t\t\t\t<div class=\"e-con-inner\">\n\t\t\t\t<div class=\"elementor-element elementor-element-ec50135 elementor-widget elementor-widget-google_maps\" data-id=\"ec50135\" data-element_type=\"widget\" data-e-type=\"widget\" data-widget_type=\"google_maps.default\">\n\t\t\t\t\t\t\t<div class=\"elementor-custom-embed\">\n\t\t\t<iframe loading=\"lazy\"\n\t\t\t\t\tsrc=\"https:\/\/maps.google.com\/maps?q=SuurSavohalli&#038;t=m&#038;z=10&#038;output=embed&#038;iwloc=near\"\n\t\t\t\t\ttitle=\"SuurSavohalli\"\n\t\t\t\t\taria-label=\"SuurSavohalli\"\n\t\t\t><\/iframe>\n\t\t<\/div>\n\t\t\t\t\t\t<\/div>\n\t\t\t\t\t<\/div>\n\t\t\t\t<\/div>\n\t\t\t\t<\/div>\n\t\t","protected":false},"excerpt":{"rendered":"<p>OTA YHTEYTT\u00c4 J\u00e4\u00e4vuorot &#8211; mainospaikat &#8211; tapahtumat Markku Lev\u00e4inenSuurSavohalli Oy:n toimitusjohtaja markku.levainen@rantasalmi.fipuh. 0400 161 257 \u00a0<\/p>\n","protected":false},"author":1,"featured_media":0,"parent":0,"menu_order":0,"comment_status":"closed","ping_status":"closed","template":"elementor_header_footer","meta":{"footnotes":""},"class_list":["post-333","page","type-page","status-publish","hentry"],"yoast_head":"<!-- This site is optimized with the Yoast SEO plugin v27.6 - https:\/\/yoast.com\/product\/yoast-seo-wordpress\/ -->\n<title>Yhteystiedot - SuurSavohalli<\/title>\n<meta name=\"robots\" content=\"index, follow, max-snippet:-1, max-image-preview:large, max-video-preview:-1\" \/>\n<link rel=\"canonical\" href=\"https:\/\/brave-yellow-anaconda.94-237-116-63.cpanel.site\/?page_id=333\" \/>\n<meta property=\"og:locale\" content=\"fi_FI\" \/>\n<meta property=\"og:type\" content=\"article\" \/>\n<meta property=\"og:title\" content=\"Yhteystiedot - SuurSavohalli\" \/>\n<meta property=\"og:description\" content=\"OTA YHTEYTT\u00c4 J\u00e4\u00e4vuorot &#8211; mainospaikat &#8211; tapahtumat Markku Lev\u00e4inenSuurSavohalli Oy:n toimitusjohtaja markku.levainen@rantasalmi.fipuh. 0400 161 257 \u00a0\" \/>\n<meta property=\"og:url\" content=\"https:\/\/brave-yellow-anaconda.94-237-116-63.cpanel.site\/?page_id=333\" \/>\n<meta property=\"og:site_name\" content=\"SuurSavohalli\" \/>\n<meta property=\"article:modified_time\" content=\"2026-02-05T14:02:00+00:00\" \/>\n<meta name=\"twitter:card\" content=\"summary_large_image\" \/>\n<meta name=\"twitter:label1\" content=\"Arvioitu lukuaika\" \/>\n\t<meta name=\"twitter:data1\" content=\"1 minuutti\" \/>\n<script type=\"application\/ld+json\" class=\"yoast-schema-graph\">{\"@context\":\"https:\\\/\\\/schema.org\",\"@graph\":[{\"@type\":\"WebPage\",\"@id\":\"https:\\\/\\\/brave-yellow-anaconda.94-237-116-63.cpanel.site\\\/?page_id=333\",\"url\":\"https:\\\/\\\/brave-yellow-anaconda.94-237-116-63.cpanel.site\\\/?page_id=333\",\"name\":\"Yhteystiedot - SuurSavohalli\",\"isPartOf\":{\"@id\":\"https:\\\/\\\/brave-yellow-anaconda.94-237-116-63.cpanel.site\\\/#website\"},\"datePublished\":\"2025-11-18T10:32:22+00:00\",\"dateModified\":\"2026-02-05T14:02:00+00:00\",\"breadcrumb\":{\"@id\":\"https:\\\/\\\/brave-yellow-anaconda.94-237-116-63.cpanel.site\\\/?page_id=333#breadcrumb\"},\"inLanguage\":\"fi\",\"potentialAction\":[{\"@type\":\"ReadAction\",\"target\":[\"https:\\\/\\\/brave-yellow-anaconda.94-237-116-63.cpanel.site\\\/?page_id=333\"]}]},{\"@type\":\"BreadcrumbList\",\"@id\":\"https:\\\/\\\/brave-yellow-anaconda.94-237-116-63.cpanel.site\\\/?page_id=333#breadcrumb\",\"itemListElement\":[{\"@type\":\"ListItem\",\"position\":1,\"name\":\"Etusivu\",\"item\":\"https:\\\/\\\/brave-yellow-anaconda.94-237-116-63.cpanel.site\\\/\"},{\"@type\":\"ListItem\",\"position\":2,\"name\":\"Yhteystiedot\"}]},{\"@type\":\"WebSite\",\"@id\":\"https:\\\/\\\/brave-yellow-anaconda.94-237-116-63.cpanel.site\\\/#website\",\"url\":\"https:\\\/\\\/brave-yellow-anaconda.94-237-116-63.cpanel.site\\\/\",\"name\":\"SuurSavohalli\",\"description\":\"Monitoimihalli, j&auml;&auml;urheilu, curling ja urheilukentt&auml;\",\"publisher\":{\"@id\":\"https:\\\/\\\/brave-yellow-anaconda.94-237-116-63.cpanel.site\\\/#organization\"},\"potentialAction\":[{\"@type\":\"SearchAction\",\"target\":{\"@type\":\"EntryPoint\",\"urlTemplate\":\"https:\\\/\\\/brave-yellow-anaconda.94-237-116-63.cpanel.site\\\/?s={search_term_string}\"},\"query-input\":{\"@type\":\"PropertyValueSpecification\",\"valueRequired\":true,\"valueName\":\"search_term_string\"}}],\"inLanguage\":\"fi\"},{\"@type\":\"Organization\",\"@id\":\"https:\\\/\\\/brave-yellow-anaconda.94-237-116-63.cpanel.site\\\/#organization\",\"name\":\"SuurSavohalli\",\"url\":\"https:\\\/\\\/brave-yellow-anaconda.94-237-116-63.cpanel.site\\\/\",\"logo\":{\"@type\":\"ImageObject\",\"inLanguage\":\"fi\",\"@id\":\"https:\\\/\\\/brave-yellow-anaconda.94-237-116-63.cpanel.site\\\/#\\\/schema\\\/logo\\\/image\\\/\",\"url\":\"http:\\\/\\\/brave-yellow-anaconda.94-237-116-63.cpanel.site\\\/wp-content\\\/uploads\\\/2025\\\/11\\\/ss-logo-nettisivuille.webp\",\"contentUrl\":\"http:\\\/\\\/brave-yellow-anaconda.94-237-116-63.cpanel.site\\\/wp-content\\\/uploads\\\/2025\\\/11\\\/ss-logo-nettisivuille.webp\",\"width\":350,\"height\":100,\"caption\":\"SuurSavohalli\"},\"image\":{\"@id\":\"https:\\\/\\\/brave-yellow-anaconda.94-237-116-63.cpanel.site\\\/#\\\/schema\\\/logo\\\/image\\\/\"}}]}<\/script>\n<!-- \/ Yoast SEO plugin. -->","yoast_head_json":{"title":"Yhteystiedot - SuurSavohalli","robots":{"index":"index","follow":"follow","max-snippet":"max-snippet:-1","max-image-preview":"max-image-preview:large","max-video-preview":"max-video-preview:-1"},"canonical":"https:\/\/brave-yellow-anaconda.94-237-116-63.cpanel.site\/?page_id=333","og_locale":"fi_FI","og_type":"article","og_title":"Yhteystiedot - SuurSavohalli","og_description":"OTA YHTEYTT\u00c4 J\u00e4\u00e4vuorot &#8211; mainospaikat &#8211; tapahtumat Markku Lev\u00e4inenSuurSavohalli Oy:n toimitusjohtaja markku.levainen@rantasalmi.fipuh. 0400 161 257 \u00a0","og_url":"https:\/\/brave-yellow-anaconda.94-237-116-63.cpanel.site\/?page_id=333","og_site_name":"SuurSavohalli","article_modified_time":"2026-02-05T14:02:00+00:00","twitter_card":"summary_large_image","twitter_misc":{"Arvioitu lukuaika":"1 minuutti"},"schema":{"@context":"https:\/\/schema.org","@graph":[{"@type":"WebPage","@id":"https:\/\/brave-yellow-anaconda.94-237-116-63.cpanel.site\/?page_id=333","url":"https:\/\/brave-yellow-anaconda.94-237-116-63.cpanel.site\/?page_id=333","name":"Yhteystiedot - SuurSavohalli","isPartOf":{"@id":"https:\/\/brave-yellow-anaconda.94-237-116-63.cpanel.site\/#website"},"datePublished":"2025-11-18T10:32:22+00:00","dateModified":"2026-02-05T14:02:00+00:00","breadcrumb":{"@id":"https:\/\/brave-yellow-anaconda.94-237-116-63.cpanel.site\/?page_id=333#breadcrumb"},"inLanguage":"fi","potentialAction":[{"@type":"ReadAction","target":["https:\/\/brave-yellow-anaconda.94-237-116-63.cpanel.site\/?page_id=333"]}]},{"@type":"BreadcrumbList","@id":"https:\/\/brave-yellow-anaconda.94-237-116-63.cpanel.site\/?page_id=333#breadcrumb","itemListElement":[{"@type":"ListItem","position":1,"name":"Etusivu","item":"https:\/\/brave-yellow-anaconda.94-237-116-63.cpanel.site\/"},{"@type":"ListItem","position":2,"name":"Yhteystiedot"}]},{"@type":"WebSite","@id":"https:\/\/brave-yellow-anaconda.94-237-116-63.cpanel.site\/#website","url":"https:\/\/brave-yellow-anaconda.94-237-116-63.cpanel.site\/","name":"SuurSavohalli","description":"Monitoimihalli, j&auml;&auml;urheilu, curling ja urheilukentt&auml;","publisher":{"@id":"https:\/\/brave-yellow-anaconda.94-237-116-63.cpanel.site\/#organization"},"potentialAction":[{"@type":"SearchAction","target":{"@type":"EntryPoint","urlTemplate":"https:\/\/brave-yellow-anaconda.94-237-116-63.cpanel.site\/?s={search_term_string}"},"query-input":{"@type":"PropertyValueSpecification","valueRequired":true,"valueName":"search_term_string"}}],"inLanguage":"fi"},{"@type":"Organization","@id":"https:\/\/brave-yellow-anaconda.94-237-116-63.cpanel.site\/#organization","name":"SuurSavohalli","url":"https:\/\/brave-yellow-anaconda.94-237-116-63.cpanel.site\/","logo":{"@type":"ImageObject","inLanguage":"fi","@id":"https:\/\/brave-yellow-anaconda.94-237-116-63.cpanel.site\/#\/schema\/logo\/image\/","url":"http:\/\/brave-yellow-anaconda.94-237-116-63.cpanel.site\/wp-content\/uploads\/2025\/11\/ss-logo-nettisivuille.webp","contentUrl":"http:\/\/brave-yellow-anaconda.94-237-116-63.cpanel.site\/wp-content\/uploads\/2025\/11\/ss-logo-nettisivuille.webp","width":350,"height":100,"caption":"SuurSavohalli"},"image":{"@id":"https:\/\/brave-yellow-anaconda.94-237-116-63.cpanel.site\/#\/schema\/logo\/image\/"}}]}},"_links":{"self":[{"href":"https:\/\/brave-yellow-anaconda.94-237-116-63.cpanel.site\/index.php?rest_route=\/wp\/v2\/pages\/333","targetHints":{"allow":["GET"]}}],"collection":[{"href":"https:\/\/brave-yellow-anaconda.94-237-116-63.cpanel.site\/index.php?rest_route=\/wp\/v2\/pages"}],"about":[{"href":"https:\/\/brave-yellow-anaconda.94-237-116-63.cpanel.site\/index.php?rest_route=\/wp\/v2\/types\/page"}],"author":[{"embeddable":true,"href":"https:\/\/brave-yellow-anaconda.94-237-116-63.cpanel.site\/index.php?rest_route=\/wp\/v2\/users\/1"}],"replies":[{"embeddable":true,"href":"https:\/\/brave-yellow-anaconda.94-237-116-63.cpanel.site\/index.php?rest_route=%2Fwp%2Fv2%2Fcomments&post=333"}],"version-history":[{"count":20,"href":"https:\/\/brave-yellow-anaconda.94-237-116-63.cpanel.site\/index.php?rest_route=\/wp\/v2\/pages\/333\/revisions"}],"predecessor-version":[{"id":1103,"href":"https:\/\/brave-yellow-anaconda.94-237-116-63.cpanel.site\/index.php?rest_route=\/wp\/v2\/pages\/333\/revisions\/1103"}],"wp:attachment":[{"href":"https:\/\/brave-yellow-anaconda.94-237-116-63.cpanel.site\/index.php?rest_route=%2Fwp%2Fv2%2Fmedia&parent=333"}],"curies":[{"name":"wp","href":"https:\/\/api.w.org\/{rel}","templated":true}]}}