{"id":345,"date":"2025-11-18T10:32:23","date_gmt":"2025-11-18T10:32:23","guid":{"rendered":"http:\/\/brave-yellow-anaconda.94-237-116-63.cpanel.site\/?page_id=345"},"modified":"2026-04-17T15:30:36","modified_gmt":"2026-04-17T12:30:36","slug":"jaavuorot","status":"publish","type":"page","link":"https:\/\/brave-yellow-anaconda.94-237-116-63.cpanel.site\/?page_id=345","title":{"rendered":"J\u00e4\u00e4vuorot"},"content":{"rendered":"\t\t<div data-elementor-type=\"wp-post\" data-elementor-id=\"345\" class=\"elementor elementor-345\" data-elementor-post-type=\"page\">\n\t\t\t\t<div class=\"elementor-element elementor-element-1499c0dc e-flex e-con-boxed e-con e-parent\" data-id=\"1499c0dc\" data-element_type=\"container\" data-e-type=\"container\" data-settings=\"{&quot;background_background&quot;:&quot;classic&quot;,&quot;shape_divider_bottom&quot;:&quot;tilt&quot;,&quot;background_motion_fx_motion_fx_scrolling&quot;:&quot;yes&quot;,&quot;background_motion_fx_scale_effect&quot;:&quot;yes&quot;,&quot;background_motion_fx_scale_direction&quot;:&quot;in-out&quot;,&quot;background_motion_fx_scale_speed&quot;:{&quot;unit&quot;:&quot;px&quot;,&quot;size&quot;:&quot;2.5&quot;,&quot;sizes&quot;:[]},&quot;background_motion_fx_scale_range&quot;:{&quot;unit&quot;:&quot;%&quot;,&quot;size&quot;:&quot;&quot;,&quot;sizes&quot;:{&quot;start&quot;:&quot;0&quot;,&quot;end&quot;:&quot;80&quot;}},&quot;background_motion_fx_devices&quot;:[&quot;desktop&quot;,&quot;tablet&quot;,&quot;mobile&quot;]}\">\n\t\t\t\t\t<div class=\"e-con-inner\">\n\t\t\t\t<div class=\"elementor-shape elementor-shape-bottom\" aria-hidden=\"true\" data-negative=\"false\">\n\t\t\t<svg xmlns=\"http:\/\/www.w3.org\/2000\/svg\" viewBox=\"0 0 1000 100\" preserveAspectRatio=\"none\">\n\t<path class=\"elementor-shape-fill\" d=\"M0,6V0h1000v100L0,6z\"\/>\n<\/svg>\t\t<\/div>\n\t\t\t\t<div class=\"elementor-element elementor-element-644212 elementor-widget elementor-widget-heading\" data-id=\"644212\" data-element_type=\"widget\" data-e-type=\"widget\" data-widget_type=\"heading.default\">\n\t\t\t\t\t<h1 class=\"elementor-heading-title elementor-size-default\">j\u00e4\u00e4vuorot<\/h1>\t\t\t\t<\/div>\n\t\t\t\t\t<\/div>\n\t\t\t\t<\/div>\n\t\t<div class=\"elementor-element elementor-element-2309932f e-flex e-con-boxed e-con e-parent\" data-id=\"2309932f\" data-element_type=\"container\" data-e-type=\"container\" data-settings=\"{&quot;background_background&quot;:&quot;classic&quot;,&quot;shape_divider_top&quot;:&quot;tilt&quot;}\">\n\t\t\t\t\t<div class=\"e-con-inner\">\n\t\t\t\t<div class=\"elementor-shape elementor-shape-top\" aria-hidden=\"true\" data-negative=\"false\">\n\t\t\t<svg xmlns=\"http:\/\/www.w3.org\/2000\/svg\" viewBox=\"0 0 1000 100\" preserveAspectRatio=\"none\">\n\t<path class=\"elementor-shape-fill\" d=\"M0,6V0h1000v100L0,6z\"\/>\n<\/svg>\t\t<\/div>\n\t\t<div class=\"elementor-element elementor-element-6a3c1518 e-con-full e-flex e-con e-child\" data-id=\"6a3c1518\" data-element_type=\"container\" data-e-type=\"container\">\n\t\t<div class=\"elementor-element elementor-element-7b782761 e-con-full e-flex e-con e-child\" data-id=\"7b782761\" data-element_type=\"container\" data-e-type=\"container\">\n\t\t\t\t<div class=\"elementor-element elementor-element-649ef83d elementor-widget elementor-widget-heading\" data-id=\"649ef83d\" data-element_type=\"widget\" data-e-type=\"widget\" data-widget_type=\"heading.default\">\n\t\t\t\t\t<h2 class=\"elementor-heading-title elementor-size-default\">j\u00e4\u00e4vuorot<\/h2>\t\t\t\t<\/div>\n\t\t\t\t<\/div>\n\t\t<div class=\"elementor-element elementor-element-577feccf e-con-full e-flex e-con e-child\" data-id=\"577feccf\" data-element_type=\"container\" data-e-type=\"container\">\n\t\t\t\t<div class=\"elementor-element elementor-element-449659ed elementor-widget-divider--view-line elementor-widget elementor-widget-divider\" data-id=\"449659ed\" data-element_type=\"widget\" data-e-type=\"widget\" data-settings=\"{&quot;motion_fx_motion_fx_scrolling&quot;:&quot;yes&quot;,&quot;motion_fx_scale_effect&quot;:&quot;yes&quot;,&quot;motion_fx_scale_direction&quot;:&quot;in-out&quot;,&quot;motion_fx_scale_speed&quot;:{&quot;unit&quot;:&quot;px&quot;,&quot;size&quot;:&quot;-10&quot;,&quot;sizes&quot;:[]},&quot;motion_fx_scale_range&quot;:{&quot;unit&quot;:&quot;%&quot;,&quot;size&quot;:&quot;&quot;,&quot;sizes&quot;:{&quot;start&quot;:&quot;0&quot;,&quot;end&quot;:&quot;50&quot;}},&quot;motion_fx_devices&quot;:[&quot;desktop&quot;,&quot;tablet&quot;,&quot;mobile&quot;]}\" data-widget_type=\"divider.default\">\n\t\t\t\t\t\t\t<div class=\"elementor-divider\">\n\t\t\t<span class=\"elementor-divider-separator\">\n\t\t\t\t\t\t<\/span>\n\t\t<\/div>\n\t\t\t\t\t\t<\/div>\n\t\t\t\t<\/div>\n\t\t\t\t<\/div>\n\t\t<div class=\"elementor-element elementor-element-3fbf28a4 e-con-full e-flex e-con e-child\" data-id=\"3fbf28a4\" data-element_type=\"container\" data-e-type=\"container\">\n\t\t<div class=\"elementor-element elementor-element-737f1133 e-con-full e-flex e-con e-child\" data-id=\"737f1133\" data-element_type=\"container\" data-e-type=\"container\">\n\t\t\t\t<div class=\"elementor-element elementor-element-d1f1cc4 elementor-widget elementor-widget-shortcode\" data-id=\"d1f1cc4\" data-element_type=\"widget\" data-e-type=\"widget\" data-widget_type=\"shortcode.default\">\n\t\t\t\t\t\t\t<div class=\"elementor-shortcode\"><div class=\"r34ics-ajax-container loading\" data-args=\"30946394eb0063958aa01eca64d360adf9875b80\" data-js-args=\"{&quot;debug&quot;:null}\" data-r34icsym=\"202605\" data-r34icsymd=\"20260516\" data-view-is-list-long=\"0\" data-view-is-list-style=\"0\" data-view=\"month\" id=\"r6a08cfcd9444872\">&nbsp;<\/div><\/div>\n\t\t\t\t\t\t<\/div>\n\t\t\t\t<\/div>\n\t\t\t\t<\/div>\n\t\t\t\t\t<\/div>\n\t\t\t\t<\/div>\n\t\t\t\t<\/div>\n\t\t","protected":false},"excerpt":{"rendered":"<p>j\u00e4\u00e4vuorot j\u00e4\u00e4vuorot<\/p>\n","protected":false},"author":1,"featured_media":0,"parent":0,"menu_order":0,"comment_status":"closed","ping_status":"closed","template":"elementor_header_footer","meta":{"footnotes":""},"class_list":["post-345","page","type-page","status-publish","hentry"],"yoast_head":"<!-- This site is optimized with the Yoast SEO plugin v27.6 - https:\/\/yoast.com\/product\/yoast-seo-wordpress\/ -->\n<title>J\u00e4\u00e4vuorot - SuurSavohalli<\/title>\n<meta name=\"robots\" content=\"index, follow, max-snippet:-1, max-image-preview:large, max-video-preview:-1\" \/>\n<link rel=\"canonical\" href=\"https:\/\/brave-yellow-anaconda.94-237-116-63.cpanel.site\/?page_id=345\" \/>\n<meta property=\"og:locale\" content=\"fi_FI\" \/>\n<meta property=\"og:type\" content=\"article\" \/>\n<meta property=\"og:title\" content=\"J\u00e4\u00e4vuorot - SuurSavohalli\" \/>\n<meta property=\"og:description\" content=\"j\u00e4\u00e4vuorot j\u00e4\u00e4vuorot\" \/>\n<meta property=\"og:url\" content=\"https:\/\/brave-yellow-anaconda.94-237-116-63.cpanel.site\/?page_id=345\" \/>\n<meta property=\"og:site_name\" content=\"SuurSavohalli\" \/>\n<meta property=\"article:modified_time\" content=\"2026-04-17T12:30:36+00:00\" \/>\n<meta name=\"twitter:card\" content=\"summary_large_image\" \/>\n<meta name=\"twitter:label1\" content=\"Arvioitu lukuaika\" \/>\n\t<meta name=\"twitter:data1\" content=\"1 minuutti\" \/>\n<script type=\"application\/ld+json\" class=\"yoast-schema-graph\">{\"@context\":\"https:\\\/\\\/schema.org\",\"@graph\":[{\"@type\":\"WebPage\",\"@id\":\"https:\\\/\\\/brave-yellow-anaconda.94-237-116-63.cpanel.site\\\/?page_id=345\",\"url\":\"https:\\\/\\\/brave-yellow-anaconda.94-237-116-63.cpanel.site\\\/?page_id=345\",\"name\":\"J\u00e4\u00e4vuorot - SuurSavohalli\",\"isPartOf\":{\"@id\":\"https:\\\/\\\/brave-yellow-anaconda.94-237-116-63.cpanel.site\\\/#website\"},\"datePublished\":\"2025-11-18T10:32:23+00:00\",\"dateModified\":\"2026-04-17T12:30:36+00:00\",\"breadcrumb\":{\"@id\":\"https:\\\/\\\/brave-yellow-anaconda.94-237-116-63.cpanel.site\\\/?page_id=345#breadcrumb\"},\"inLanguage\":\"fi\",\"potentialAction\":[{\"@type\":\"ReadAction\",\"target\":[\"https:\\\/\\\/brave-yellow-anaconda.94-237-116-63.cpanel.site\\\/?page_id=345\"]}]},{\"@type\":\"BreadcrumbList\",\"@id\":\"https:\\\/\\\/brave-yellow-anaconda.94-237-116-63.cpanel.site\\\/?page_id=345#breadcrumb\",\"itemListElement\":[{\"@type\":\"ListItem\",\"position\":1,\"name\":\"Etusivu\",\"item\":\"https:\\\/\\\/brave-yellow-anaconda.94-237-116-63.cpanel.site\\\/\"},{\"@type\":\"ListItem\",\"position\":2,\"name\":\"J\u00e4\u00e4vuorot\"}]},{\"@type\":\"WebSite\",\"@id\":\"https:\\\/\\\/brave-yellow-anaconda.94-237-116-63.cpanel.site\\\/#website\",\"url\":\"https:\\\/\\\/brave-yellow-anaconda.94-237-116-63.cpanel.site\\\/\",\"name\":\"SuurSavohalli\",\"description\":\"Monitoimihalli, j&auml;&auml;urheilu, curling ja urheilukentt&auml;\",\"publisher\":{\"@id\":\"https:\\\/\\\/brave-yellow-anaconda.94-237-116-63.cpanel.site\\\/#organization\"},\"potentialAction\":[{\"@type\":\"SearchAction\",\"target\":{\"@type\":\"EntryPoint\",\"urlTemplate\":\"https:\\\/\\\/brave-yellow-anaconda.94-237-116-63.cpanel.site\\\/?s={search_term_string}\"},\"query-input\":{\"@type\":\"PropertyValueSpecification\",\"valueRequired\":true,\"valueName\":\"search_term_string\"}}],\"inLanguage\":\"fi\"},{\"@type\":\"Organization\",\"@id\":\"https:\\\/\\\/brave-yellow-anaconda.94-237-116-63.cpanel.site\\\/#organization\",\"name\":\"SuurSavohalli\",\"url\":\"https:\\\/\\\/brave-yellow-anaconda.94-237-116-63.cpanel.site\\\/\",\"logo\":{\"@type\":\"ImageObject\",\"inLanguage\":\"fi\",\"@id\":\"https:\\\/\\\/brave-yellow-anaconda.94-237-116-63.cpanel.site\\\/#\\\/schema\\\/logo\\\/image\\\/\",\"url\":\"http:\\\/\\\/brave-yellow-anaconda.94-237-116-63.cpanel.site\\\/wp-content\\\/uploads\\\/2025\\\/11\\\/ss-logo-nettisivuille.webp\",\"contentUrl\":\"http:\\\/\\\/brave-yellow-anaconda.94-237-116-63.cpanel.site\\\/wp-content\\\/uploads\\\/2025\\\/11\\\/ss-logo-nettisivuille.webp\",\"width\":350,\"height\":100,\"caption\":\"SuurSavohalli\"},\"image\":{\"@id\":\"https:\\\/\\\/brave-yellow-anaconda.94-237-116-63.cpanel.site\\\/#\\\/schema\\\/logo\\\/image\\\/\"}}]}<\/script>\n<!-- \/ Yoast SEO plugin. -->","yoast_head_json":{"title":"J\u00e4\u00e4vuorot - SuurSavohalli","robots":{"index":"index","follow":"follow","max-snippet":"max-snippet:-1","max-image-preview":"max-image-preview:large","max-video-preview":"max-video-preview:-1"},"canonical":"https:\/\/brave-yellow-anaconda.94-237-116-63.cpanel.site\/?page_id=345","og_locale":"fi_FI","og_type":"article","og_title":"J\u00e4\u00e4vuorot - SuurSavohalli","og_description":"j\u00e4\u00e4vuorot j\u00e4\u00e4vuorot","og_url":"https:\/\/brave-yellow-anaconda.94-237-116-63.cpanel.site\/?page_id=345","og_site_name":"SuurSavohalli","article_modified_time":"2026-04-17T12:30:36+00:00","twitter_card":"summary_large_image","twitter_misc":{"Arvioitu lukuaika":"1 minuutti"},"schema":{"@context":"https:\/\/schema.org","@graph":[{"@type":"WebPage","@id":"https:\/\/brave-yellow-anaconda.94-237-116-63.cpanel.site\/?page_id=345","url":"https:\/\/brave-yellow-anaconda.94-237-116-63.cpanel.site\/?page_id=345","name":"J\u00e4\u00e4vuorot - SuurSavohalli","isPartOf":{"@id":"https:\/\/brave-yellow-anaconda.94-237-116-63.cpanel.site\/#website"},"datePublished":"2025-11-18T10:32:23+00:00","dateModified":"2026-04-17T12:30:36+00:00","breadcrumb":{"@id":"https:\/\/brave-yellow-anaconda.94-237-116-63.cpanel.site\/?page_id=345#breadcrumb"},"inLanguage":"fi","potentialAction":[{"@type":"ReadAction","target":["https:\/\/brave-yellow-anaconda.94-237-116-63.cpanel.site\/?page_id=345"]}]},{"@type":"BreadcrumbList","@id":"https:\/\/brave-yellow-anaconda.94-237-116-63.cpanel.site\/?page_id=345#breadcrumb","itemListElement":[{"@type":"ListItem","position":1,"name":"Etusivu","item":"https:\/\/brave-yellow-anaconda.94-237-116-63.cpanel.site\/"},{"@type":"ListItem","position":2,"name":"J\u00e4\u00e4vuorot"}]},{"@type":"WebSite","@id":"https:\/\/brave-yellow-anaconda.94-237-116-63.cpanel.site\/#website","url":"https:\/\/brave-yellow-anaconda.94-237-116-63.cpanel.site\/","name":"SuurSavohalli","description":"Monitoimihalli, j&auml;&auml;urheilu, curling ja urheilukentt&auml;","publisher":{"@id":"https:\/\/brave-yellow-anaconda.94-237-116-63.cpanel.site\/#organization"},"potentialAction":[{"@type":"SearchAction","target":{"@type":"EntryPoint","urlTemplate":"https:\/\/brave-yellow-anaconda.94-237-116-63.cpanel.site\/?s={search_term_string}"},"query-input":{"@type":"PropertyValueSpecification","valueRequired":true,"valueName":"search_term_string"}}],"inLanguage":"fi"},{"@type":"Organization","@id":"https:\/\/brave-yellow-anaconda.94-237-116-63.cpanel.site\/#organization","name":"SuurSavohalli","url":"https:\/\/brave-yellow-anaconda.94-237-116-63.cpanel.site\/","logo":{"@type":"ImageObject","inLanguage":"fi","@id":"https:\/\/brave-yellow-anaconda.94-237-116-63.cpanel.site\/#\/schema\/logo\/image\/","url":"http:\/\/brave-yellow-anaconda.94-237-116-63.cpanel.site\/wp-content\/uploads\/2025\/11\/ss-logo-nettisivuille.webp","contentUrl":"http:\/\/brave-yellow-anaconda.94-237-116-63.cpanel.site\/wp-content\/uploads\/2025\/11\/ss-logo-nettisivuille.webp","width":350,"height":100,"caption":"SuurSavohalli"},"image":{"@id":"https:\/\/brave-yellow-anaconda.94-237-116-63.cpanel.site\/#\/schema\/logo\/image\/"}}]}},"_links":{"self":[{"href":"https:\/\/brave-yellow-anaconda.94-237-116-63.cpanel.site\/index.php?rest_route=\/wp\/v2\/pages\/345","targetHints":{"allow":["GET"]}}],"collection":[{"href":"https:\/\/brave-yellow-anaconda.94-237-116-63.cpanel.site\/index.php?rest_route=\/wp\/v2\/pages"}],"about":[{"href":"https:\/\/brave-yellow-anaconda.94-237-116-63.cpanel.site\/index.php?rest_route=\/wp\/v2\/types\/page"}],"author":[{"embeddable":true,"href":"https:\/\/brave-yellow-anaconda.94-237-116-63.cpanel.site\/index.php?rest_route=\/wp\/v2\/users\/1"}],"replies":[{"embeddable":true,"href":"https:\/\/brave-yellow-anaconda.94-237-116-63.cpanel.site\/index.php?rest_route=%2Fwp%2Fv2%2Fcomments&post=345"}],"version-history":[{"count":38,"href":"https:\/\/brave-yellow-anaconda.94-237-116-63.cpanel.site\/index.php?rest_route=\/wp\/v2\/pages\/345\/revisions"}],"predecessor-version":[{"id":1138,"href":"https:\/\/brave-yellow-anaconda.94-237-116-63.cpanel.site\/index.php?rest_route=\/wp\/v2\/pages\/345\/revisions\/1138"}],"wp:attachment":[{"href":"https:\/\/brave-yellow-anaconda.94-237-116-63.cpanel.site\/index.php?rest_route=%2Fwp%2Fv2%2Fmedia&parent=345"}],"curies":[{"name":"wp","href":"https:\/\/api.w.org\/{rel}","templated":true}]}}